{"id":8599,"date":"2026-02-10T09:33:40","date_gmt":"2026-02-10T09:33:40","guid":{"rendered":"https:\/\/chickenclubfrance.com\/?page_id=8599"},"modified":"2026-02-10T09:58:06","modified_gmt":"2026-02-10T09:58:06","slug":"bons-plans","status":"publish","type":"page","link":"https:\/\/chickenclubfrance.com\/index.php\/bons-plans\/","title":{"rendered":"Bons plans"},"content":{"rendered":"\t\t<div data-elementor-type=\"wp-page\" data-elementor-id=\"8599\" class=\"elementor elementor-8599\">\n\t\t\t\t<div class=\"elementor-element elementor-element-d37417f e-flex e-con-boxed e-con e-parent\" data-id=\"d37417f\" data-element_type=\"container\" data-e-type=\"container\">\n\t\t\t\t\t<div class=\"e-con-inner\">\n\t\t\t\t<div class=\"elementor-element elementor-element-7d1613b elementor-grid-4 elementor-grid-2 elementor-grid-1 elementor-widget elementor-widget-ipostgrid\" data-id=\"7d1613b\" data-element_type=\"widget\" data-e-type=\"widget\" data-settings=\"{&quot;columns&quot;:&quot;4&quot;,&quot;columns_tablet&quot;:&quot;2&quot;,&quot;columns_mobile&quot;:&quot;1&quot;}\" data-widget_type=\"ipostgrid.default\">\n\t\t\t\t<div class=\"elementor-widget-container\">\n\t\t\t\t\t\t\t<div class=\"post-grid elementor-grid\">\r\n\t\t\t \r\n\t\t\t\r\n\t\t\t\t<article id=\"post-8615\" class=\"post-box elementor-grid-item post-8615 post type-post status-publish format-standard hentry category-promotion\">\r\n\t\t\t\t\t<div class=\"post-inner\">\r\n\t\t\t\t\t\t\r\n\t\t\t\t\t\t<div class=\"inner-post\">\r\n\t\t\t\t\t\t\t<div class=\"post-cat\"><div class=\"posted-in\"><a href=\"https:\/\/chickenclubfrance.com\/index.php\/category\/promotion\/\" rel=\"category tag\">Promotions<\/a><\/div><\/div>\t\t\t\t\t\t\t<div class=\"entry-header\">\r\n\t\t\t\t\t\t\t\t<h5 class=\"entry-title\"><a class=\"title-link\" href=\"https:\/\/chickenclubfrance.com\/index.php\/2026\/02\/10\/test-test\/\" rel=\"bookmark\">Test Test<\/a><\/h5>\t\t\t\t\t\t\t<\/div>\r\n\r\n\t\t\t\t\t\t\t\t\t\t\t\t\t<\/div>\r\n\t\t\t\t\t\t<div class=\"entry-meta\">\r\n\t\t\t\t\t\t\t<span class=\"posted-on\"><a href=\"https:\/\/chickenclubfrance.com\/index.php\/2026\/02\/10\/test-test\/\" rel=\"bookmark\"><time class=\"entry-date published\" datetime=\"2026-02-10T09:56:45+00:00\">February 10, 2026<\/time><\/a><\/span>\t\t\t\t\t\t\t<a href=\"https:\/\/chickenclubfrance.com\/index.php\/2026\/02\/10\/test-test\/\" class=\"btn-details\"><i class=\"xp-webicon-trajectory\"><\/i><\/a>\r\n\t\t\t\t\t\t<\/div>\r\n\t\t\t\t\t<\/div>\r\n\t\t\t\t<\/article>\r\n\r\n\t\t\t\t\t<\/div>\r\n\t\t\t\t\t\t<\/div>\n\t\t\t\t<\/div>\n\t\t\t\t\t<\/div>\n\t\t\t\t<\/div>\n\t\t\t\t<\/div>\n\t\t","protected":false},"excerpt":{"rendered":"<p>Promotions Test Test February 10, 2026<\/p>\n","protected":false},"author":2,"featured_media":0,"parent":0,"menu_order":0,"comment_status":"closed","ping_status":"closed","template":"","meta":{"footnotes":""},"class_list":["post-8599","page","type-page","status-publish","hentry"],"yoast_head":"<!-- This site is optimized with the Yoast SEO plugin v27.4 - https:\/\/yoast.com\/product\/yoast-seo-wordpress\/ -->\n<title>Bons plans Chicken Club Compi\u00e8gne | Fast Food &amp; Tacos \u00e0 Compi\u00e8gne<\/title>\n<meta name=\"description\" content=\"Opplev ekte indisk mat hos Kryddern i Oslo. Nyt spr\u00f8 samosa, smakfulle curryretter og tradisjonelle desserter. Bestill online og f\u00e5 levert hjem \u2013 Bestill n\u00e5! %\" \/>\n<meta name=\"robots\" content=\"index, follow, max-snippet:-1, max-image-preview:large, max-video-preview:-1\" \/>\n<link rel=\"canonical\" href=\"https:\/\/chickenclubfrance.com\/index.php\/bons-plans\/\" \/>\n<meta property=\"og:locale\" content=\"en_US\" \/>\n<meta property=\"og:type\" content=\"article\" \/>\n<meta property=\"og:title\" content=\"Bons plans Chicken Club Compi\u00e8gne | Fast Food &amp; Tacos \u00e0 Compi\u00e8gne\" \/>\n<meta property=\"og:description\" content=\"Opplev ekte indisk mat hos Kryddern i Oslo. Nyt spr\u00f8 samosa, smakfulle curryretter og tradisjonelle desserter. Bestill online og f\u00e5 levert hjem \u2013 Bestill n\u00e5! %\" \/>\n<meta property=\"og:url\" content=\"https:\/\/chickenclubfrance.com\/index.php\/bons-plans\/\" \/>\n<meta property=\"og:site_name\" content=\"Chicken Club Compi\u00e8gne | Fast Food &amp; Tacos \u00e0 Compi\u00e8gne\" \/>\n<meta property=\"article:publisher\" content=\"https:\/\/facebook.com\/KryddernAS\" \/>\n<meta property=\"article:modified_time\" content=\"2026-02-10T09:58:06+00:00\" \/>\n<meta property=\"og:image\" content=\"https:\/\/chickenclubfrance.com\/wp-content\/uploads\/2024\/11\/kryddern-logo.png\" \/>\n\t<meta property=\"og:image:width\" content=\"350\" \/>\n\t<meta property=\"og:image:height\" content=\"100\" \/>\n\t<meta property=\"og:image:type\" content=\"image\/png\" \/>\n<meta name=\"twitter:card\" content=\"summary_large_image\" \/>\n<meta name=\"twitter:label1\" content=\"Est. reading time\" \/>\n\t<meta name=\"twitter:data1\" content=\"1 minute\" \/>\n<script type=\"application\/ld+json\" class=\"yoast-schema-graph\">{\"@context\":\"https:\\\/\\\/schema.org\",\"@graph\":[{\"@type\":\"WebPage\",\"@id\":\"https:\\\/\\\/chickenclubfrance.com\\\/index.php\\\/bons-plans\\\/\",\"url\":\"https:\\\/\\\/chickenclubfrance.com\\\/index.php\\\/bons-plans\\\/\",\"name\":\"Bons plans Chicken Club Compi\u00e8gne | Fast Food &amp; Tacos \u00e0 Compi\u00e8gne\",\"isPartOf\":{\"@id\":\"https:\\\/\\\/chickenclubfrance.com\\\/#website\"},\"datePublished\":\"2026-02-10T09:33:40+00:00\",\"dateModified\":\"2026-02-10T09:58:06+00:00\",\"description\":\"Opplev ekte indisk mat hos Kryddern i Oslo. Nyt spr\u00f8 samosa, smakfulle curryretter og tradisjonelle desserter. Bestill online og f\u00e5 levert hjem \u2013 Bestill n\u00e5! %\",\"breadcrumb\":{\"@id\":\"https:\\\/\\\/chickenclubfrance.com\\\/index.php\\\/bons-plans\\\/#breadcrumb\"},\"inLanguage\":\"en-US\",\"potentialAction\":[{\"@type\":\"ReadAction\",\"target\":[\"https:\\\/\\\/chickenclubfrance.com\\\/index.php\\\/bons-plans\\\/\"]}]},{\"@type\":\"BreadcrumbList\",\"@id\":\"https:\\\/\\\/chickenclubfrance.com\\\/index.php\\\/bons-plans\\\/#breadcrumb\",\"itemListElement\":[{\"@type\":\"ListItem\",\"position\":1,\"name\":\"Home\",\"item\":\"https:\\\/\\\/chickenclubfrance.com\\\/\"},{\"@type\":\"ListItem\",\"position\":2,\"name\":\"Bons plans\"}]},{\"@type\":\"WebSite\",\"@id\":\"https:\\\/\\\/chickenclubfrance.com\\\/#website\",\"url\":\"https:\\\/\\\/chickenclubfrance.com\\\/\",\"name\":\"Kryddern \u2013 Autentisk Indisk Restaurant i Oslo | Smakfulle Retter\",\"description\":\"Votre destination gourmande pour Tacos, Wraps et Poulet croustillant au 31 Rue d&#039;Amiens.\",\"publisher\":{\"@id\":\"https:\\\/\\\/chickenclubfrance.com\\\/#organization\"},\"alternateName\":\"Kryddern \u2013 Authentic Indian Restaurant in Oslo | Tasty Dishes\",\"potentialAction\":[{\"@type\":\"SearchAction\",\"target\":{\"@type\":\"EntryPoint\",\"urlTemplate\":\"https:\\\/\\\/chickenclubfrance.com\\\/?s={search_term_string}\"},\"query-input\":{\"@type\":\"PropertyValueSpecification\",\"valueRequired\":true,\"valueName\":\"search_term_string\"}}],\"inLanguage\":\"en-US\"},{\"@type\":\"Organization\",\"@id\":\"https:\\\/\\\/chickenclubfrance.com\\\/#organization\",\"name\":\"kryddern\",\"url\":\"https:\\\/\\\/chickenclubfrance.com\\\/\",\"logo\":{\"@type\":\"ImageObject\",\"inLanguage\":\"en-US\",\"@id\":\"https:\\\/\\\/chickenclubfrance.com\\\/#\\\/schema\\\/logo\\\/image\\\/\",\"url\":\"https:\\\/\\\/chickenclubfrance.com\\\/wp-content\\\/uploads\\\/2024\\\/11\\\/kryddern-logo.png\",\"contentUrl\":\"https:\\\/\\\/chickenclubfrance.com\\\/wp-content\\\/uploads\\\/2024\\\/11\\\/kryddern-logo.png\",\"width\":350,\"height\":100,\"caption\":\"kryddern\"},\"image\":{\"@id\":\"https:\\\/\\\/chickenclubfrance.com\\\/#\\\/schema\\\/logo\\\/image\\\/\"},\"sameAs\":[\"https:\\\/\\\/facebook.com\\\/KryddernAS\"]}]}<\/script>\n<!-- \/ Yoast SEO plugin. -->","yoast_head_json":{"title":"Bons plans Chicken Club Compi\u00e8gne | Fast Food &amp; Tacos \u00e0 Compi\u00e8gne","description":"Opplev ekte indisk mat hos Kryddern i Oslo. Nyt spr\u00f8 samosa, smakfulle curryretter og tradisjonelle desserter. Bestill online og f\u00e5 levert hjem \u2013 Bestill n\u00e5! %","robots":{"index":"index","follow":"follow","max-snippet":"max-snippet:-1","max-image-preview":"max-image-preview:large","max-video-preview":"max-video-preview:-1"},"canonical":"https:\/\/chickenclubfrance.com\/index.php\/bons-plans\/","og_locale":"en_US","og_type":"article","og_title":"Bons plans Chicken Club Compi\u00e8gne | Fast Food &amp; Tacos \u00e0 Compi\u00e8gne","og_description":"Opplev ekte indisk mat hos Kryddern i Oslo. Nyt spr\u00f8 samosa, smakfulle curryretter og tradisjonelle desserter. Bestill online og f\u00e5 levert hjem \u2013 Bestill n\u00e5! %","og_url":"https:\/\/chickenclubfrance.com\/index.php\/bons-plans\/","og_site_name":"Chicken Club Compi\u00e8gne | Fast Food &amp; Tacos \u00e0 Compi\u00e8gne","article_publisher":"https:\/\/facebook.com\/KryddernAS","article_modified_time":"2026-02-10T09:58:06+00:00","og_image":[{"width":350,"height":100,"url":"https:\/\/chickenclubfrance.com\/wp-content\/uploads\/2024\/11\/kryddern-logo.png","type":"image\/png"}],"twitter_card":"summary_large_image","twitter_misc":{"Est. reading time":"1 minute"},"schema":{"@context":"https:\/\/schema.org","@graph":[{"@type":"WebPage","@id":"https:\/\/chickenclubfrance.com\/index.php\/bons-plans\/","url":"https:\/\/chickenclubfrance.com\/index.php\/bons-plans\/","name":"Bons plans Chicken Club Compi\u00e8gne | Fast Food &amp; Tacos \u00e0 Compi\u00e8gne","isPartOf":{"@id":"https:\/\/chickenclubfrance.com\/#website"},"datePublished":"2026-02-10T09:33:40+00:00","dateModified":"2026-02-10T09:58:06+00:00","description":"Opplev ekte indisk mat hos Kryddern i Oslo. Nyt spr\u00f8 samosa, smakfulle curryretter og tradisjonelle desserter. Bestill online og f\u00e5 levert hjem \u2013 Bestill n\u00e5! %","breadcrumb":{"@id":"https:\/\/chickenclubfrance.com\/index.php\/bons-plans\/#breadcrumb"},"inLanguage":"en-US","potentialAction":[{"@type":"ReadAction","target":["https:\/\/chickenclubfrance.com\/index.php\/bons-plans\/"]}]},{"@type":"BreadcrumbList","@id":"https:\/\/chickenclubfrance.com\/index.php\/bons-plans\/#breadcrumb","itemListElement":[{"@type":"ListItem","position":1,"name":"Home","item":"https:\/\/chickenclubfrance.com\/"},{"@type":"ListItem","position":2,"name":"Bons plans"}]},{"@type":"WebSite","@id":"https:\/\/chickenclubfrance.com\/#website","url":"https:\/\/chickenclubfrance.com\/","name":"Kryddern \u2013 Autentisk Indisk Restaurant i Oslo | Smakfulle Retter","description":"Votre destination gourmande pour Tacos, Wraps et Poulet croustillant au 31 Rue d&#039;Amiens.","publisher":{"@id":"https:\/\/chickenclubfrance.com\/#organization"},"alternateName":"Kryddern \u2013 Authentic Indian Restaurant in Oslo | Tasty Dishes","potentialAction":[{"@type":"SearchAction","target":{"@type":"EntryPoint","urlTemplate":"https:\/\/chickenclubfrance.com\/?s={search_term_string}"},"query-input":{"@type":"PropertyValueSpecification","valueRequired":true,"valueName":"search_term_string"}}],"inLanguage":"en-US"},{"@type":"Organization","@id":"https:\/\/chickenclubfrance.com\/#organization","name":"kryddern","url":"https:\/\/chickenclubfrance.com\/","logo":{"@type":"ImageObject","inLanguage":"en-US","@id":"https:\/\/chickenclubfrance.com\/#\/schema\/logo\/image\/","url":"https:\/\/chickenclubfrance.com\/wp-content\/uploads\/2024\/11\/kryddern-logo.png","contentUrl":"https:\/\/chickenclubfrance.com\/wp-content\/uploads\/2024\/11\/kryddern-logo.png","width":350,"height":100,"caption":"kryddern"},"image":{"@id":"https:\/\/chickenclubfrance.com\/#\/schema\/logo\/image\/"},"sameAs":["https:\/\/facebook.com\/KryddernAS"]}]}},"_links":{"self":[{"href":"https:\/\/chickenclubfrance.com\/index.php\/wp-json\/wp\/v2\/pages\/8599","targetHints":{"allow":["GET"]}}],"collection":[{"href":"https:\/\/chickenclubfrance.com\/index.php\/wp-json\/wp\/v2\/pages"}],"about":[{"href":"https:\/\/chickenclubfrance.com\/index.php\/wp-json\/wp\/v2\/types\/page"}],"author":[{"embeddable":true,"href":"https:\/\/chickenclubfrance.com\/index.php\/wp-json\/wp\/v2\/users\/2"}],"replies":[{"embeddable":true,"href":"https:\/\/chickenclubfrance.com\/index.php\/wp-json\/wp\/v2\/comments?post=8599"}],"version-history":[{"count":7,"href":"https:\/\/chickenclubfrance.com\/index.php\/wp-json\/wp\/v2\/pages\/8599\/revisions"}],"predecessor-version":[{"id":8619,"href":"https:\/\/chickenclubfrance.com\/index.php\/wp-json\/wp\/v2\/pages\/8599\/revisions\/8619"}],"wp:attachment":[{"href":"https:\/\/chickenclubfrance.com\/index.php\/wp-json\/wp\/v2\/media?parent=8599"}],"curies":[{"name":"wp","href":"https:\/\/api.w.org\/{rel}","templated":true}]}}